{"id":1490,"date":"2024-09-07T08:17:52","date_gmt":"2024-09-07T08:17:52","guid":{"rendered":"https:\/\/dazzling-carver.202-61-247-111.plesk.page\/?page_id=1490"},"modified":"2024-09-07T08:25:53","modified_gmt":"2024-09-07T08:25:53","slug":"impressum","status":"publish","type":"page","link":"https:\/\/dazzling-carver.202-61-247-111.plesk.page\/index.php\/impressum\/","title":{"rendered":"Impressum"},"content":{"rendered":"\t\t<div data-elementor-type=\"wp-page\" data-elementor-id=\"1490\" class=\"elementor elementor-1490\" data-elementor-post-type=\"page\">\n\t\t\t\t<div class=\"elementor-element elementor-element-1d9aa323 e-flex e-con-boxed e-con e-parent\" data-id=\"1d9aa323\" data-element_type=\"container\">\n\t\t\t\t\t<div class=\"e-con-inner\">\n\t\t\t\t<div class=\"elementor-element elementor-element-4dc0074 elementor-widget elementor-widget-text-editor\" data-id=\"4dc0074\" data-element_type=\"widget\" data-widget_type=\"text-editor.default\">\n\t\t\t\t<div class=\"elementor-widget-container\">\n\t\t\t<style>\/*! elementor - v3.23.0 - 05-08-2024 *\/\n.elementor-widget-text-editor.elementor-drop-cap-view-stacked .elementor-drop-cap{background-color:#69727d;color:#fff}.elementor-widget-text-editor.elementor-drop-cap-view-framed .elementor-drop-cap{color:#69727d;border:3px solid;background-color:transparent}.elementor-widget-text-editor:not(.elementor-drop-cap-view-default) .elementor-drop-cap{margin-top:8px}.elementor-widget-text-editor:not(.elementor-drop-cap-view-default) .elementor-drop-cap-letter{width:1em;height:1em}.elementor-widget-text-editor .elementor-drop-cap{float:left;text-align:center;line-height:1;font-size:50px}.elementor-widget-text-editor .elementor-drop-cap-letter{display:inline-block}<\/style>\t\t\t\t<!-- wp:paragraph -->\n<p><strong><u>Impressum<\/u><\/strong><\/p>\n<!-- \/wp:paragraph -->\n\n<!-- wp:paragraph -->\n<p>Angaben gem\u00e4\u00df \u00a7 5 TMG<\/p>\n<!-- \/wp:paragraph -->\n\n<!-- wp:paragraph -->\n<p>Robert-Bosch-Str. 45<br>73765 Neuhausen auf den Fildern<br>Deutschland<\/p>\n<!-- \/wp:paragraph -->\n\n<!-- wp:paragraph -->\n<p><strong>Vertreten durch:<\/strong><br>Denis Wolbert<\/p>\n<!-- \/wp:paragraph -->\n\n<!-- wp:paragraph -->\n<p><strong>Kontakt:<\/strong><br>Tel.: 017684156181<br>E-Mail: kontakt@wolbert-beratung.com<br><a href=\"https:\/\/www.wolbert-beratung.de\/\">www.wolbert-beratung.de<\/a><\/p>\n<!-- \/wp:paragraph -->\n\n<!-- wp:paragraph -->\n<p><strong>Verantwortlich f\u00fcr den Inhalt nach \u00a7 55 Abs. 2 RStV:<\/strong><br>Denis Wolbert<br>Robert-Bosch-Str. 45<br>73765 Neuhausen auf den Fildern<br>Deutschland<\/p>\n<!-- \/wp:paragraph -->\n\n<!-- wp:paragraph -->\n<p>Das Unternehmen ist t\u00e4tig als:<strong><br>Versicherungsmakler nach \u00a734d Absatz 1 GewO<br>Honorar-Finanzanlagenberater nach \u00a734h Absatz 1 Satz 1 GewO<br><\/strong>\u2013<br>Anlageberatung von Anteilen oder Aktien an inl\u00e4ndischen offenen<br>Investmentverm\u00f6gen, offenen EU-Investmentverm\u00f6gen oder ausl\u00e4ndischen<br>offenen Investmentverm\u00f6gen, die nach dem Kapitalanlagegesetzbuch<br>vertrieben werden d\u00fcrfen.<br>\u2013 Anlageberatung zu Finanzanlagen im Sinne<br>des \u00a734f, ohne von einem Produktgeber eine Zuwendung zu erhalten oder<br>von ihm in anderer Weise abh\u00e4ngig zu sein.<\/p>\n<!-- \/wp:paragraph -->\n\n<!-- wp:paragraph -->\n<p><strong>Zust\u00e4ndige Aufsichtsbeh\u00f6rde:<\/strong><\/p>\n<!-- \/wp:paragraph -->\n\n<!-- wp:paragraph -->\n<p>Industrie- und Handelskammer Stuttgart<br>J\u00e4gerstra\u00dfe 30<br>70174 Stuttgart<br>Tel.: 0711 2005-0<br>E-Mail:&nbsp; info@stuttgart.ihk.de<br>Internet: www.stuttgart.ihk24.de<\/p>\n<!-- \/wp:paragraph -->\n\n<!-- wp:paragraph -->\n<p><strong>Registernummer Versicherungen: D-CWZU-YD2TB-85<br>Registernummer Honorar-Finanzanlagenberatung: D-H-175-8DB4-68<\/strong><\/p>\n<!-- \/wp:paragraph -->\n\n<!-- wp:paragraph -->\n<p>Das Vermittlerregister wird gef\u00fchrt bei:<br><strong>Deutscher Industrie- und Handelskammertag (DIHK) e.V.<\/strong><br>Breite Stra\u00dfe 29, 10178 Berlin<br>Tel: 0180 60 05 850<br>(Festnetzpreis 0,20 \u20ac\/Anruf; Mobilfunkpreise maximal 0,60 \u20ac\/Anruf)<br>Fax: 030 20 30 81 000<br>E-Mail:&nbsp;<a href=\"mailto:vr@dihk.de\">vr@dihk.de<\/a><br>Internet:&nbsp;<a href=\"http:\/\/www.vermittlerregister.info\/\">www.vermittlerregister.info<\/a><\/p>\n<!-- \/wp:paragraph -->\n\n<!-- wp:paragraph -->\n<p><strong>Berufsrechtliche Regelungen:<br><\/strong>\u2013 \u00a7 34c Gewerbeordnung (GewO)<br>\u2013 \u00a7 34d Gewerbeordnung (GewO)<br>\u2013 \u00a7\u00a7 34h i. V. m. 34f Absatz 2 bis 6 (GewO)<br>\u2013 \u00a7 48b Versicherungsaufsichtsgesetz (VAG)<br>\u2013 \u00a7\u00a7 59-68 des Versicherungsvertragsgesetzes (VVG)<br>\u2013 Verordnung \u00fcber die Versicherungsvermittlung und \u2013 beratung (VersVermV)<br>\u2013 Verordnung \u00fcber die Finanzanlagenvermittlung (FinVermV)<\/p>\n<!-- \/wp:paragraph -->\n\n<!-- wp:paragraph -->\n<p>Die berufsrechtlichen Regelungen k\u00f6nnen \u00fcber die vom Bundesministerium der Justiz und von der juris GmbH betriebenen Homepage&nbsp;<a href=\"http:\/\/www.gesetze-im-internet.de\/\">www.gesetze-im-internet.de<\/a>&nbsp;eingesehen und abgerufen werden.<\/p>\n<!-- \/wp:paragraph -->\n\n<!-- wp:paragraph -->\n<p><strong>Beratung und Verg\u00fctung:<\/strong><\/p>\n<!-- \/wp:paragraph -->\n\n<!-- wp:paragraph -->\n<p>Die T\u00e4tigkeit beinhaltet auch Beratung. Die Verg\u00fctung der T\u00e4tigkeit erfolgt als:<\/p>\n<!-- \/wp:paragraph -->\n\n<!-- wp:list -->\n<ul class=\"wp-block-list\"><!-- wp:list-item -->\n<li>in den Versicherungspr\u00e4mien enthaltene Provision \u2013 einer sogenannten<br>Courtage \u2013 die vom jeweiligen Produktanbieter ausgezahlt wird oder als<\/li>\n<!-- \/wp:list-item -->\n\n<!-- wp:list-item -->\n<li>konkret vereinbarte Zahlung durch den Kunden (Honorarberatung) oder als<\/li>\n<!-- \/wp:list-item -->\n\n<!-- wp:list-item -->\n<li>Kombination aus beidem<\/li>\n<!-- \/wp:list-item --><\/ul>\n<!-- \/wp:list -->\n\n<!-- wp:paragraph -->\n<p>Dies ist letztlich abh\u00e4ngig von den W\u00fcnschen und Bed\u00fcrfnissen des<br>Kunden und den Versicherungs- und Vorsorgeprodukten, welche vermittelt<br>werden.<\/p>\n<!-- \/wp:paragraph -->\n\n<!-- wp:paragraph -->\n<p>Die Gesellschaft h\u00e4lt keine unmittelbaren oder mittelbaren<br>Beteiligungen von mehr als 10% der Stimmrechte oder des Kapitals an<br>einem Versicherungsunternehmen. Ein Versicherungsunternehmen h\u00e4lt keine<br>mittelbaren oder unmittelbaren Beteiligungen von mehr als 10% der<br>Stimmrechte oder des Kapitals der Gesellschaft.<\/p>\n<!-- \/wp:paragraph -->\n\n<!-- wp:paragraph -->\n<p>Die Anschriften<br>der Schlichtungsstellen, die bei Streitigkeiten zwischen Vermittlern<br>oder Beratern und Versicherungsnehmern angerufen werden k\u00f6nnen, lauten:<\/p>\n<!-- \/wp:paragraph -->\n\n<!-- wp:paragraph -->\n<p><strong>Versicherungsombudsmann e.V.<\/strong><br>Postfach 08 06 32, 10006 Berlin<br>Tel: 0800 36 96 000<br>Fax: 0800 36 99 000<br>E-Mail:&nbsp;<a href=\"mailto:beschwerde@versicherungsombudsmann.de\">beschwerde@versicherungsombudsmann.de<\/a><br>Internet:&nbsp;<a href=\"http:\/\/www.versicherungsombudsmann.de\/\">www.versicherungsombudsmann.de<\/a><\/p>\n<!-- \/wp:paragraph -->\n\n<!-- wp:paragraph -->\n<p><strong>Ombudsmann f\u00fcr die Private Kranken- und Pflegeversicherung<\/strong><br>Postfach 06 02 22, 10052 Berlin<br>Tel: 0800 25 50 444<br>Fax: 030 20 45 89 31<br>E-Mail:&nbsp;<a href=\"mailto:ombudsmann@pkv-ombudsmann.de\">ombudsmann@pkv-ombudsmann.de<\/a><br>Internet:&nbsp;<a href=\"http:\/\/www.pkv-ombudsmann.de\/\">www.pkv-ombudsmann.de<\/a><\/p>\n<!-- \/wp:paragraph -->\n\n<!-- wp:paragraph -->\n<p><strong>Schlichtungsstelle f\u00fcr gewerbliche Versicherungs-, Anlage- und Kreditvermittlung<br><\/strong>Glockengie\u00dferwall 2, 20095 Hamburg<br>Tel: 040 69 65 08-90<br>Fax: 040 69 65 08-91<br>E-Mail:&nbsp;<a href=\"mailto:kontakt@schlichtung-finanzberatung.de\">kontakt@schlichtung-finanzberatung.de<\/a><br>Internet:&nbsp;<a href=\"http:\/\/www.schlichtung-finanzberatung.de\/\">www.schlichtung-finanzberatung.de<\/a><\/p>\n<!-- \/wp:paragraph -->\n\n<!-- wp:paragraph -->\n<p>Weitere Adressen \u00fcber Schlichtungsstellen und M\u00f6glichkeiten der au\u00dfergerichtlichen Streitbeilegung erhalten Sie bei:<br><strong>Bundesanstalt f\u00fcr Finanzdienstleistungsaufsicht (BAFin)<\/strong><br>Graurheindorfer Str. 108, 53117 Bonn<br>Tel: 0228 41 08-0<br>Fax: 0228 41 08-1550<br>E-Mail:&nbsp;<a href=\"mailto:poststelle@bafin.de\">poststelle@bafin.de<\/a><br>Internet:&nbsp;<a href=\"http:\/\/www.bafin.de\/\">www.bafin.de<\/a><\/p>\n<!-- \/wp:paragraph -->\n\n<!-- wp:paragraph -->\n<p><strong>Informationen zur Online-Streitbeilegung<\/strong><br>Die<br>Europ\u00e4ische Kommission hat gem\u00e4\u00df der Richtlinie 2013\/11\/EU eine<br>Europ\u00e4ische Online-Streitbeilegungsplattform (OS-Plattform) errichtet.<br>Diese OS-Plattform kann ein Verbraucher f\u00fcr die au\u00dfergerichtliche<br>Beilegung einer Streitigkeit aus Online-Vertr\u00e4gen mit einem in der EU<br>niedergelassenen Unternehmen nutzen. Die OS-Plattform ist unter<br>folgendem Link erreichbar:<br><a href=\"https:\/\/ec.europa.eu\/consumers\/odr\/\">https:\/\/ec.europa.eu\/consumers\/odr\/<\/a><\/p>\n<!-- \/wp:paragraph -->\t\t\t\t\t\t<\/div>\n\t\t\t\t<\/div>\n\t\t\t\t\t<\/div>\n\t\t\t\t<\/div>\n\t\t\t\t<\/div>\n\t\t","protected":false},"excerpt":{"rendered":"<p>Impressum Angaben gem\u00e4\u00df \u00a7 5 TMG Robert-Bosch-Str. 4573765 Neuhausen auf den FildernDeutschland Vertreten durch:Denis Wolbert Kontakt:Tel.: 017684156181E-Mail: kontakt@wolbert-beratung.comwww.wolbert-beratung.de Verantwortlich f\u00fcr den Inhalt nach \u00a7 55 Abs. 2 RStV:Denis WolbertRobert-Bosch-Str. 4573765 Neuhausen auf den FildernDeutschland Das Unternehmen ist t\u00e4tig als:Versicherungsmakler nach \u00a734d Absatz 1 GewOHonorar-Finanzanlagenberater nach \u00a734h Absatz 1 Satz 1 GewO\u2013Anlageberatung von Anteilen oder Aktien [&hellip;]<\/p>\n","protected":false},"author":1,"featured_media":0,"parent":0,"menu_order":0,"comment_status":"closed","ping_status":"closed","template":"elementor_canvas","meta":{"footnotes":""},"class_list":["post-1490","page","type-page","status-publish","hentry"],"_links":{"self":[{"href":"https:\/\/dazzling-carver.202-61-247-111.plesk.page\/index.php\/wp-json\/wp\/v2\/pages\/1490","targetHints":{"allow":["GET"]}}],"collection":[{"href":"https:\/\/dazzling-carver.202-61-247-111.plesk.page\/index.php\/wp-json\/wp\/v2\/pages"}],"about":[{"href":"https:\/\/dazzling-carver.202-61-247-111.plesk.page\/index.php\/wp-json\/wp\/v2\/types\/page"}],"author":[{"embeddable":true,"href":"https:\/\/dazzling-carver.202-61-247-111.plesk.page\/index.php\/wp-json\/wp\/v2\/users\/1"}],"replies":[{"embeddable":true,"href":"https:\/\/dazzling-carver.202-61-247-111.plesk.page\/index.php\/wp-json\/wp\/v2\/comments?post=1490"}],"version-history":[{"count":11,"href":"https:\/\/dazzling-carver.202-61-247-111.plesk.page\/index.php\/wp-json\/wp\/v2\/pages\/1490\/revisions"}],"predecessor-version":[{"id":1502,"href":"https:\/\/dazzling-carver.202-61-247-111.plesk.page\/index.php\/wp-json\/wp\/v2\/pages\/1490\/revisions\/1502"}],"wp:attachment":[{"href":"https:\/\/dazzling-carver.202-61-247-111.plesk.page\/index.php\/wp-json\/wp\/v2\/media?parent=1490"}],"curies":[{"name":"wp","href":"https:\/\/api.w.org\/{rel}","templated":true}]}}